{"id":2245,"date":"2022-03-14T19:56:53","date_gmt":"2022-03-14T18:56:53","guid":{"rendered":"https:\/\/216grammi.com\/a-domicilio\/"},"modified":"2024-05-06T18:53:45","modified_gmt":"2024-05-06T16:53:45","slug":"a-domicilio","status":"publish","type":"page","link":"https:\/\/216grammi.com\/ca\/a-domicilio\/","title":{"rendered":"A domicili"},"content":{"rendered":"<p>[vc_row css=&#8221;.vc_custom_1647288641871{padding-top: 20px !important;}&#8221;][vc_column][vc_column_text]<\/p>\n<h2 style=\"text-align: center; font-size: 36px;\">Tens dues opcions&#8230;<\/h2>\n<p>Si vols gaudir de la nostra cuina italiana en la teva pr\u00f2pia casa, oferim dues alternatives per a acostar els nostres plats fins a la teva ubicaci\u00f3 preferida.[\/vc_column_text][\/vc_column][\/vc_row][vc_row css=&#8221;.vc_custom_1647288160804{padding-top: 20px !important;}&#8221;][vc_column width=&#8221;2\/3&#8243;][vc_column_text]<\/p>\n<h2 style=\"text-align: center;\">Glovo<\/h2>\n<p>A trav\u00e9s d&#8217;aquesta aplicaci\u00f3 podr\u00e0s gaudir dels nostres plats a la teva casa. Selecciona el nostre restaurant 216 Grammi en l&#8217;aplicaci\u00f3, tria els teus plats preferits i un repartidor te&#8217;ls portar\u00e0 fins a la ubicaci\u00f3 que decideixis.[\/vc_column_text][vc_row_inner][vc_column_inner][vc_column_text]<\/p>\n<h3 style=\"text-align: center;\">Vila Ol\u00edmpica<\/h3>\n<p>[\/vc_column_text][vc_single_image image=&#8221;1774&#8243; img_size=&#8221;medium&#8221; alignment=&#8221;center&#8221; onclick=&#8221;custom_link&#8221; img_link_target=&#8221;_blank&#8221; link=&#8221;https:\/\/glovoapp.com\/es\/es\/barcelona\/210-grammi\/&#8221;][\/vc_column_inner][\/vc_row_inner][\/vc_column][vc_column width=&#8221;1\/3&#8243;][vc_column_text]<\/p>\n<h2 style=\"text-align: center;\">Ets del barri?<\/h2>\n<p>[\/vc_column_text][vc_column_text]<\/p>\n<h3>Si ets del barri disposem de transport propi!<\/h3>\n<p>Si ets de la zona de Vila Ol\u00edmpica, pots fer la teva comanda directament amb els nostres restaurants. Consulta la carta i <strong>truca&#8217;ns ara<\/strong> perqu\u00e8 et portem els teus plats favorits:[\/vc_column_text]<div class=\"aio-icon-component    style_1\"><a class=\"aio-icon-box-link\" href=\"tel:93 333 33 33\" title=\"93 333 33 33 (Grammi Poble Nou)\" ><div id=\"Info-box-wrap-3672\" class=\"aio-icon-box default-icon\" style=\"\"  ><div class=\"aio-icon-default\"><div class=\"ult-just-icon-wrapper  \"><div class=\"align-icon\" style=\"text-align:center;\">\n<div class=\"aio-icon square \"  style=\"color:#333;background:#ffffff;font-size:32px;display:inline-block;\">\n\t<i class=\"icomoon-the7-font-the7-phone-06\"><\/i>\n<\/div><\/div><\/div><\/div><div class=\"aio-icon-header\" ><h3 class=\"aio-icon-title ult-responsive\"  data-ultimate-target='#Info-box-wrap-3672 .aio-icon-title'  data-responsive-json-new='{\"font-size\":\"\",\"line-height\":\"\"}'  style=\"\">Zona Vila Ol\u00edmpica<\/h3><\/div> <!-- header --><div class=\"aio-icon-description ult-responsive\"  data-ultimate-target='#Info-box-wrap-3672 .aio-icon-description'  data-responsive-json-new='{\"font-size\":\"\",\"line-height\":\"\"}'  style=\"\"><a href=\"tel:930233837\">930 233 837<\/a><\/div> <!-- description --><\/div> <!-- aio-icon-box --><\/a><\/div> <!-- aio-icon-component -->[\/vc_column][\/vc_row]<\/p>\n","protected":false},"excerpt":{"rendered":"<p>[vc_row css=&#8221;.vc_custom_1647288641871{padding-top: 20px !important;}&#8221;][vc_column][vc_column_text] Tens dues opcions&#8230; Si vols gaudir de la nostra cuina italiana en la teva pr\u00f2pia casa, oferim dues alternatives per a acostar els nostres plats fins a la teva ubicaci\u00f3 preferida.[\/vc_column_text][\/vc_column][\/vc_row][vc_row css=&#8221;.vc_custom_1647288160804{padding-top: 20px !important;}&#8221;][vc_column width=&#8221;2\/3&#8243;][vc_column_text] Glovo A trav\u00e9s d&#8217;aquesta aplicaci\u00f3 podr\u00e0s gaudir dels nostres plats a la teva casa. Selecciona el&hellip;<\/p>\n","protected":false},"author":1,"featured_media":0,"parent":0,"menu_order":0,"comment_status":"closed","ping_status":"closed","template":"","meta":[],"yoast_head":"<!-- This site is optimized with the Yoast SEO plugin v18.6 - https:\/\/yoast.com\/wordpress\/plugins\/seo\/ -->\n<title>Menjar itali\u00e0 a domicili a Barcelona | 216Grammi<\/title>\n<meta name=\"description\" content=\"Demana a domicili menjar a Vila Ol\u00edmpica o a tota Barcelona. Entra ara mateix per a aprofitar-te del descompte!\" \/>\n<meta name=\"robots\" content=\"index, follow, max-snippet:-1, max-image-preview:large, max-video-preview:-1\" \/>\n<link rel=\"canonical\" href=\"https:\/\/216grammi.com\/ca\/a-domicilio\/\" \/>\n<meta property=\"og:locale\" content=\"ca_ES\" \/>\n<meta property=\"og:type\" content=\"article\" \/>\n<meta property=\"og:title\" content=\"Menjar itali\u00e0 a domicili a Barcelona | 216Grammi\" \/>\n<meta property=\"og:description\" content=\"Demana a domicili menjar a Vila Ol\u00edmpica o a tota Barcelona. Entra ara mateix per a aprofitar-te del descompte!\" \/>\n<meta property=\"og:url\" content=\"https:\/\/216grammi.com\/ca\/a-domicilio\/\" \/>\n<meta property=\"og:site_name\" content=\"216Grammi\" \/>\n<meta property=\"article:modified_time\" content=\"2024-05-06T16:53:45+00:00\" \/>\n<meta name=\"twitter:card\" content=\"summary_large_image\" \/>\n<meta name=\"twitter:label1\" content=\"Temps estimat de lectura\" \/>\n\t<meta name=\"twitter:data1\" content=\"1 minut\" \/>\n<script type=\"application\/ld+json\" class=\"yoast-schema-graph\">{\"@context\":\"https:\/\/schema.org\",\"@graph\":[{\"@type\":\"WebSite\",\"@id\":\"https:\/\/216grammi.com\/#website\",\"url\":\"https:\/\/216grammi.com\/\",\"name\":\"216Grammi\",\"description\":\"Restaurante Italiano en Barcelona\",\"potentialAction\":[{\"@type\":\"SearchAction\",\"target\":{\"@type\":\"EntryPoint\",\"urlTemplate\":\"https:\/\/216grammi.com\/?s={search_term_string}\"},\"query-input\":\"required name=search_term_string\"}],\"inLanguage\":\"ca\"},{\"@type\":\"WebPage\",\"@id\":\"https:\/\/216grammi.com\/ca\/a-domicilio\/#webpage\",\"url\":\"https:\/\/216grammi.com\/ca\/a-domicilio\/\",\"name\":\"Menjar itali\u00e0 a domicili a Barcelona | 216Grammi\",\"isPartOf\":{\"@id\":\"https:\/\/216grammi.com\/#website\"},\"datePublished\":\"2022-03-14T18:56:53+00:00\",\"dateModified\":\"2024-05-06T16:53:45+00:00\",\"description\":\"Demana a domicili menjar a Vila Ol\u00edmpica o a tota Barcelona. Entra ara mateix per a aprofitar-te del descompte!\",\"breadcrumb\":{\"@id\":\"https:\/\/216grammi.com\/ca\/a-domicilio\/#breadcrumb\"},\"inLanguage\":\"ca\",\"potentialAction\":[{\"@type\":\"ReadAction\",\"target\":[\"https:\/\/216grammi.com\/ca\/a-domicilio\/\"]}]},{\"@type\":\"BreadcrumbList\",\"@id\":\"https:\/\/216grammi.com\/ca\/a-domicilio\/#breadcrumb\",\"itemListElement\":[{\"@type\":\"ListItem\",\"position\":1,\"name\":\"Portada\",\"item\":\"https:\/\/216grammi.com\/ca\/\"},{\"@type\":\"ListItem\",\"position\":2,\"name\":\"A domicili\"}]}]}<\/script>\n<!-- \/ Yoast SEO plugin. -->","yoast_head_json":{"title":"Menjar itali\u00e0 a domicili a Barcelona | 216Grammi","description":"Demana a domicili menjar a Vila Ol\u00edmpica o a tota Barcelona. Entra ara mateix per a aprofitar-te del descompte!","robots":{"index":"index","follow":"follow","max-snippet":"max-snippet:-1","max-image-preview":"max-image-preview:large","max-video-preview":"max-video-preview:-1"},"canonical":"https:\/\/216grammi.com\/ca\/a-domicilio\/","og_locale":"ca_ES","og_type":"article","og_title":"Menjar itali\u00e0 a domicili a Barcelona | 216Grammi","og_description":"Demana a domicili menjar a Vila Ol\u00edmpica o a tota Barcelona. Entra ara mateix per a aprofitar-te del descompte!","og_url":"https:\/\/216grammi.com\/ca\/a-domicilio\/","og_site_name":"216Grammi","article_modified_time":"2024-05-06T16:53:45+00:00","twitter_card":"summary_large_image","twitter_misc":{"Temps estimat de lectura":"1 minut"},"schema":{"@context":"https:\/\/schema.org","@graph":[{"@type":"WebSite","@id":"https:\/\/216grammi.com\/#website","url":"https:\/\/216grammi.com\/","name":"216Grammi","description":"Restaurante Italiano en Barcelona","potentialAction":[{"@type":"SearchAction","target":{"@type":"EntryPoint","urlTemplate":"https:\/\/216grammi.com\/?s={search_term_string}"},"query-input":"required name=search_term_string"}],"inLanguage":"ca"},{"@type":"WebPage","@id":"https:\/\/216grammi.com\/ca\/a-domicilio\/#webpage","url":"https:\/\/216grammi.com\/ca\/a-domicilio\/","name":"Menjar itali\u00e0 a domicili a Barcelona | 216Grammi","isPartOf":{"@id":"https:\/\/216grammi.com\/#website"},"datePublished":"2022-03-14T18:56:53+00:00","dateModified":"2024-05-06T16:53:45+00:00","description":"Demana a domicili menjar a Vila Ol\u00edmpica o a tota Barcelona. Entra ara mateix per a aprofitar-te del descompte!","breadcrumb":{"@id":"https:\/\/216grammi.com\/ca\/a-domicilio\/#breadcrumb"},"inLanguage":"ca","potentialAction":[{"@type":"ReadAction","target":["https:\/\/216grammi.com\/ca\/a-domicilio\/"]}]},{"@type":"BreadcrumbList","@id":"https:\/\/216grammi.com\/ca\/a-domicilio\/#breadcrumb","itemListElement":[{"@type":"ListItem","position":1,"name":"Portada","item":"https:\/\/216grammi.com\/ca\/"},{"@type":"ListItem","position":2,"name":"A domicili"}]}]}},"_links":{"self":[{"href":"https:\/\/216grammi.com\/ca\/wp-json\/wp\/v2\/pages\/2245"}],"collection":[{"href":"https:\/\/216grammi.com\/ca\/wp-json\/wp\/v2\/pages"}],"about":[{"href":"https:\/\/216grammi.com\/ca\/wp-json\/wp\/v2\/types\/page"}],"author":[{"embeddable":true,"href":"https:\/\/216grammi.com\/ca\/wp-json\/wp\/v2\/users\/1"}],"replies":[{"embeddable":true,"href":"https:\/\/216grammi.com\/ca\/wp-json\/wp\/v2\/comments?post=2245"}],"version-history":[{"count":5,"href":"https:\/\/216grammi.com\/ca\/wp-json\/wp\/v2\/pages\/2245\/revisions"}],"predecessor-version":[{"id":3594,"href":"https:\/\/216grammi.com\/ca\/wp-json\/wp\/v2\/pages\/2245\/revisions\/3594"}],"wp:attachment":[{"href":"https:\/\/216grammi.com\/ca\/wp-json\/wp\/v2\/media?parent=2245"}],"curies":[{"name":"wp","href":"https:\/\/api.w.org\/{rel}","templated":true}]}}